{"id":170,"date":"2018-04-01T16:09:53","date_gmt":"2018-04-01T16:09:53","guid":{"rendered":"http:\/\/reformesintegralsandorra.eu\/?page_id=170"},"modified":"2018-04-01T16:16:22","modified_gmt":"2018-04-01T16:16:22","slug":"realitzem-tot-tipus-de-reparacions-serveis-i-manteniment-per-a-la-llar-paviser-som-professionals-amb-experiencia-en-feines-de-paleta-la-construccio-i-les-reformes","status":"publish","type":"page","link":"https:\/\/reformesintegralsandorra.eu\/?page_id=170","title":{"rendered":"REPARACIONS"},"content":{"rendered":"<p><strong>Realitzem tot tipus de reparacions, serveis, i manteniment per a la llar. A Paviser som professionals amb anys d&rsquo;experi\u00e8ncia en el sector de la\u00a0feines de paleta, la construcci\u00f3 i les reformes. Fem treballs a preus adequats. Fem tot tipus de treballs, Pintura, Electricista, Lampista, Paleta, Reparaci\u00f3 de persianes, Muntar mobles (de qualsevol superf\u00edcie comercial que els hagi comprat), decoraci\u00f3 i interiorisme en fusta i ferro.<\/strong><\/p>\n<p style=\"text-align: center;\"><a href=\"https:\/\/reformesintegralsandorra.eu\/wp-content\/uploads\/2018\/04\/reparacions.png\"><img loading=\"lazy\" decoding=\"async\" class=\"alignnone size-full wp-image-175\" src=\"https:\/\/reformesintegralsandorra.eu\/wp-content\/uploads\/2018\/04\/reparacions.png\" alt=\"Realitzem tot tipus de reparacions, serveis, i manteniment per a la llar. A Paviser som professionals amb anys d'experi\u00e8ncia en el sector de la feines de paleta, la construcci\u00f3 i les reformes. Fem treballs a preus adequats. Fem tot tipus de treballs, Pintura, Electricista, Lampista, Paleta, Reparaci\u00f3 de persianes, Muntar mobles (de qualsevol superf\u00edcie comercial que els hagi comprat), decoraci\u00f3 i interiorisme en fusta i ferro.\" width=\"960\" height=\"382\" srcset=\"https:\/\/reformesintegralsandorra.eu\/wp-content\/uploads\/2018\/04\/reparacions.png 960w, https:\/\/reformesintegralsandorra.eu\/wp-content\/uploads\/2018\/04\/reparacions-300x119.png 300w, https:\/\/reformesintegralsandorra.eu\/wp-content\/uploads\/2018\/04\/reparacions-768x306.png 768w, https:\/\/reformesintegralsandorra.eu\/wp-content\/uploads\/2018\/04\/reparacions-830x330.png 830w, https:\/\/reformesintegralsandorra.eu\/wp-content\/uploads\/2018\/04\/reparacions-230x92.png 230w, https:\/\/reformesintegralsandorra.eu\/wp-content\/uploads\/2018\/04\/reparacions-350x139.png 350w, https:\/\/reformesintegralsandorra.eu\/wp-content\/uploads\/2018\/04\/reparacions-480x191.png 480w\" sizes=\"(max-width: 960px) 100vw, 960px\" \/><\/a><\/p>\n<p style=\"text-align: center;\">\n","protected":false},"excerpt":{"rendered":"<p>Realitzem tot tipus de reparacions, serveis, i manteniment per a la llar. A Paviser som professionals amb anys d&rsquo;experi\u00e8ncia en el sector [&hellip;]<\/p>\n","protected":false},"author":2,"featured_media":176,"parent":0,"menu_order":0,"comment_status":"closed","ping_status":"closed","template":"","meta":{"footnotes":""},"yoast_head":"<!-- This site is optimized with the Yoast SEO plugin v22.8 - https:\/\/yoast.com\/wordpress\/plugins\/seo\/ -->\n<title>Realitzem tot tipus de reparacions, serveis, i manteniment per a la llar. Paviser som professionals amb experi\u00e8ncia en feines de paleta, la construcci\u00f3 i les reformes<\/title>\n<meta name=\"description\" content=\"Realitzem tot tipus de reparacions, serveis, i manteniment per a la llar. Paviser som professionals amb experi\u00e8ncia en feines de paleta, la construcci\u00f3 i les reformes\" \/>\n<meta name=\"robots\" content=\"index, follow, max-snippet:-1, max-image-preview:large, max-video-preview:-1\" \/>\n<link rel=\"canonical\" href=\"http:\/\/reformesintegralsandorra.eu\/?page_id=170\" \/>\n<meta property=\"og:locale\" content=\"fr_FR\" \/>\n<meta property=\"og:type\" content=\"article\" \/>\n<meta property=\"og:title\" content=\"Realitzem tot tipus de reparacions, serveis, i manteniment per a la llar. Paviser som professionals amb experi\u00e8ncia en feines de paleta, la construcci\u00f3 i les reformes\" \/>\n<meta property=\"og:description\" content=\"Realitzem tot tipus de reparacions, serveis, i manteniment per a la llar. Paviser som professionals amb experi\u00e8ncia en feines de paleta, la construcci\u00f3 i les reformes\" \/>\n<meta property=\"og:url\" content=\"http:\/\/reformesintegralsandorra.eu\/?page_id=170\" \/>\n<meta property=\"og:site_name\" content=\"REFORMES INTEGRALS ANDORRA Reformes integrals d&#039;habitatges. Serveis de disseny de mobiliari i d&#039;interiors. Fem reformes de banys, dissenys des dels cl\u00e0ssics fins a les \u00faltimes tend\u00e8ncies en banys. Serralleria, Pintura, Fusteria, Il\u00b7luminaci\u00f3, Banys, Cuines i Electrodom\u00e8stics. REFORMES INTEGRALS ANDORRA reformes Integrals, construccions i manteniments d&#039;habitatges, locals, cuines, banys, etc., Treballs de reformes integrals. Reformes de cuines, reformes de banys, reformes integrals, reformas de cocinas, reformas de ba\u00f1os, reformas integrales, muebles cocina, muebles cocina, mobiliari a mida. AMPLIA EXPERIENCIA EN REFORMAS INTEGRALES DE VIVIENDAS Si necesitas realizar la obra de reforma integral de tu vivienda en Andorra con la firmeza y confianza de convertirla en el hogar de tus sue\u00f1os y no en una horrible pesadilla, desde Arquitectos e Interioristas Causa Estudi Andorra te ofrecemos nuestra experiencia y profesionalidad a la hora de realizar reformas integrales de viviendas en Andorra. Invertimos nuestro tiempo y esfuerzo por mejorar d\u00eda a d\u00eda y ser capaces de satisfacer todas las necesidades de nuestros clientes en reformas, renovaciones y rehabilitaciones de viviendas. Un esfuerzo y un saber hacer al que hemos llegado despu\u00e9s de a\u00f1os de trabajo en reformas integrales de todo tipo de establecimientos, desde Restaurantes hasta tiendas de moda pasando por chalets, apartamentos y pisos en Andorra, siendo esta la parte m\u00e1s importante de nuestro trabajo, convirti\u00e9ndonos en una de las principales empresas de reformas del Principado de Andorra .\" \/>\n<meta property=\"article:modified_time\" content=\"2018-04-01T16:16:22+00:00\" \/>\n<meta property=\"og:image\" content=\"http:\/\/reformesintegralsandorra.eu\/wp-content\/uploads\/2018\/04\/reparacions3.jpg\" \/>\n\t<meta property=\"og:image:width\" content=\"1280\" \/>\n\t<meta property=\"og:image:height\" content=\"853\" \/>\n\t<meta property=\"og:image:type\" content=\"image\/jpeg\" \/>\n<script type=\"application\/ld+json\" class=\"yoast-schema-graph\">{\"@context\":\"https:\/\/schema.org\",\"@graph\":[{\"@type\":\"WebPage\",\"@id\":\"http:\/\/reformesintegralsandorra.eu\/?page_id=170\",\"url\":\"http:\/\/reformesintegralsandorra.eu\/?page_id=170\",\"name\":\"Realitzem tot tipus de reparacions, serveis, i manteniment per a la llar. Paviser som professionals amb experi\u00e8ncia en feines de paleta, la construcci\u00f3 i les reformes\",\"isPartOf\":{\"@id\":\"http:\/\/reformesintegralsandorra.eu\/#website\"},\"primaryImageOfPage\":{\"@id\":\"http:\/\/reformesintegralsandorra.eu\/?page_id=170#primaryimage\"},\"image\":{\"@id\":\"http:\/\/reformesintegralsandorra.eu\/?page_id=170#primaryimage\"},\"thumbnailUrl\":\"https:\/\/reformesintegralsandorra.eu\/wp-content\/uploads\/2018\/04\/reparacions3.jpg\",\"datePublished\":\"2018-04-01T16:09:53+00:00\",\"dateModified\":\"2018-04-01T16:16:22+00:00\",\"description\":\"Realitzem tot tipus de reparacions, serveis, i manteniment per a la llar. Paviser som professionals amb experi\u00e8ncia en feines de paleta, la construcci\u00f3 i les reformes\",\"breadcrumb\":{\"@id\":\"http:\/\/reformesintegralsandorra.eu\/?page_id=170#breadcrumb\"},\"inLanguage\":\"fr-FR\",\"potentialAction\":[{\"@type\":\"ReadAction\",\"target\":[\"http:\/\/reformesintegralsandorra.eu\/?page_id=170\"]}]},{\"@type\":\"ImageObject\",\"inLanguage\":\"fr-FR\",\"@id\":\"http:\/\/reformesintegralsandorra.eu\/?page_id=170#primaryimage\",\"url\":\"https:\/\/reformesintegralsandorra.eu\/wp-content\/uploads\/2018\/04\/reparacions3.jpg\",\"contentUrl\":\"https:\/\/reformesintegralsandorra.eu\/wp-content\/uploads\/2018\/04\/reparacions3.jpg\",\"width\":1280,\"height\":853,\"caption\":\"Realitzem tot tipus de reparacions, serveis, i manteniment per a la llar. A Paviser som professionals amb anys d'experi\u00e8ncia en el sector de la feines de paleta, la construcci\u00f3 i les reformes. Fem treballs a preus adequats. Fem tot tipus de treballs, Pintura, Electricista, Lampista, Paleta, Reparaci\u00f3 de persianes, Muntar mobles (de qualsevol superf\u00edcie comercial que els hagi comprat), decoraci\u00f3 i interiorisme en fusta i ferro.\"},{\"@type\":\"BreadcrumbList\",\"@id\":\"http:\/\/reformesintegralsandorra.eu\/?page_id=170#breadcrumb\",\"itemListElement\":[{\"@type\":\"ListItem\",\"position\":1,\"name\":\"Accueil\",\"item\":\"http:\/\/reformesintegralsandorra.eu\/\"},{\"@type\":\"ListItem\",\"position\":2,\"name\":\"REPARACIONS\"}]},{\"@type\":\"WebSite\",\"@id\":\"http:\/\/reformesintegralsandorra.eu\/#website\",\"url\":\"http:\/\/reformesintegralsandorra.eu\/\",\"name\":\"REFORMES INTEGRALS ANDORRA Reformes integrals d&#039;habitatges. Serveis de disseny de mobiliari i d&#039;interiors. Fem reformes de banys, dissenys des dels cl\u00e0ssics fins a les \u00faltimes tend\u00e8ncies en banys. Serralleria, Pintura, Fusteria, Il\u00b7luminaci\u00f3, Banys, Cuines i Electrodom\u00e8stics. REFORMES INTEGRALS ANDORRA reformes Integrals, construccions i manteniments d&#039;habitatges, locals, cuines, banys, etc., Treballs de reformes integrals. Reformes de cuines, reformes de banys, reformes integrals, reformas de cocinas, reformas de ba\u00f1os, reformas integrales, muebles cocina, muebles cocina, mobiliari a mida. AMPLIA EXPERIENCIA EN REFORMAS INTEGRALES DE VIVIENDAS Si necesitas realizar la obra de reforma integral de tu vivienda en Andorra con la firmeza y confianza de convertirla en el hogar de tus sue\u00f1os y no en una horrible pesadilla, desde Arquitectos e Interioristas Causa Estudi Andorra te ofrecemos nuestra experiencia y profesionalidad a la hora de realizar reformas integrales de viviendas en Andorra. Invertimos nuestro tiempo y esfuerzo por mejorar d\u00eda a d\u00eda y ser capaces de satisfacer todas las necesidades de nuestros clientes en reformas, renovaciones y rehabilitaciones de viviendas. Un esfuerzo y un saber hacer al que hemos llegado despu\u00e9s de a\u00f1os de trabajo en reformas integrales de todo tipo de establecimientos, desde Restaurantes hasta tiendas de moda pasando por chalets, apartamentos y pisos en Andorra, siendo esta la parte m\u00e1s importante de nuestro trabajo, convirti\u00e9ndonos en una de las principales empresas de reformas del Principado de Andorra .\",\"description\":\"Especialistes Serveis d&#039;interiorisme i decoraci\u00f3 a Andorra. Projectes residencials i comercials dirigits als dos segments: particular i empreses. Encuentra los mejores Profesionales y Empresas de Reformas en Andorra T.+376362978 - REFOR ANDORRA refor@andorra.ad . \",\"potentialAction\":[{\"@type\":\"SearchAction\",\"target\":{\"@type\":\"EntryPoint\",\"urlTemplate\":\"http:\/\/reformesintegralsandorra.eu\/?s={search_term_string}\"},\"query-input\":\"required name=search_term_string\"}],\"inLanguage\":\"fr-FR\"}]}<\/script>\n<!-- \/ Yoast SEO plugin. -->","yoast_head_json":{"title":"Realitzem tot tipus de reparacions, serveis, i manteniment per a la llar. Paviser som professionals amb experi\u00e8ncia en feines de paleta, la construcci\u00f3 i les reformes","description":"Realitzem tot tipus de reparacions, serveis, i manteniment per a la llar. Paviser som professionals amb experi\u00e8ncia en feines de paleta, la construcci\u00f3 i les reformes","robots":{"index":"index","follow":"follow","max-snippet":"max-snippet:-1","max-image-preview":"max-image-preview:large","max-video-preview":"max-video-preview:-1"},"canonical":"http:\/\/reformesintegralsandorra.eu\/?page_id=170","og_locale":"fr_FR","og_type":"article","og_title":"Realitzem tot tipus de reparacions, serveis, i manteniment per a la llar. Paviser som professionals amb experi\u00e8ncia en feines de paleta, la construcci\u00f3 i les reformes","og_description":"Realitzem tot tipus de reparacions, serveis, i manteniment per a la llar. Paviser som professionals amb experi\u00e8ncia en feines de paleta, la construcci\u00f3 i les reformes","og_url":"http:\/\/reformesintegralsandorra.eu\/?page_id=170","og_site_name":"REFORMES INTEGRALS ANDORRA Reformes integrals d&#039;habitatges. Serveis de disseny de mobiliari i d&#039;interiors. Fem reformes de banys, dissenys des dels cl\u00e0ssics fins a les \u00faltimes tend\u00e8ncies en banys. Serralleria, Pintura, Fusteria, Il\u00b7luminaci\u00f3, Banys, Cuines i Electrodom\u00e8stics. REFORMES INTEGRALS ANDORRA reformes Integrals, construccions i manteniments d&#039;habitatges, locals, cuines, banys, etc., Treballs de reformes integrals. Reformes de cuines, reformes de banys, reformes integrals, reformas de cocinas, reformas de ba\u00f1os, reformas integrales, muebles cocina, muebles cocina, mobiliari a mida. AMPLIA EXPERIENCIA EN REFORMAS INTEGRALES DE VIVIENDAS Si necesitas realizar la obra de reforma integral de tu vivienda en Andorra con la firmeza y confianza de convertirla en el hogar de tus sue\u00f1os y no en una horrible pesadilla, desde Arquitectos e Interioristas Causa Estudi Andorra te ofrecemos nuestra experiencia y profesionalidad a la hora de realizar reformas integrales de viviendas en Andorra. Invertimos nuestro tiempo y esfuerzo por mejorar d\u00eda a d\u00eda y ser capaces de satisfacer todas las necesidades de nuestros clientes en reformas, renovaciones y rehabilitaciones de viviendas. Un esfuerzo y un saber hacer al que hemos llegado despu\u00e9s de a\u00f1os de trabajo en reformas integrales de todo tipo de establecimientos, desde Restaurantes hasta tiendas de moda pasando por chalets, apartamentos y pisos en Andorra, siendo esta la parte m\u00e1s importante de nuestro trabajo, convirti\u00e9ndonos en una de las principales empresas de reformas del Principado de Andorra .","article_modified_time":"2018-04-01T16:16:22+00:00","og_image":[{"width":1280,"height":853,"url":"http:\/\/reformesintegralsandorra.eu\/wp-content\/uploads\/2018\/04\/reparacions3.jpg","type":"image\/jpeg"}],"schema":{"@context":"https:\/\/schema.org","@graph":[{"@type":"WebPage","@id":"http:\/\/reformesintegralsandorra.eu\/?page_id=170","url":"http:\/\/reformesintegralsandorra.eu\/?page_id=170","name":"Realitzem tot tipus de reparacions, serveis, i manteniment per a la llar. Paviser som professionals amb experi\u00e8ncia en feines de paleta, la construcci\u00f3 i les reformes","isPartOf":{"@id":"http:\/\/reformesintegralsandorra.eu\/#website"},"primaryImageOfPage":{"@id":"http:\/\/reformesintegralsandorra.eu\/?page_id=170#primaryimage"},"image":{"@id":"http:\/\/reformesintegralsandorra.eu\/?page_id=170#primaryimage"},"thumbnailUrl":"https:\/\/reformesintegralsandorra.eu\/wp-content\/uploads\/2018\/04\/reparacions3.jpg","datePublished":"2018-04-01T16:09:53+00:00","dateModified":"2018-04-01T16:16:22+00:00","description":"Realitzem tot tipus de reparacions, serveis, i manteniment per a la llar. Paviser som professionals amb experi\u00e8ncia en feines de paleta, la construcci\u00f3 i les reformes","breadcrumb":{"@id":"http:\/\/reformesintegralsandorra.eu\/?page_id=170#breadcrumb"},"inLanguage":"fr-FR","potentialAction":[{"@type":"ReadAction","target":["http:\/\/reformesintegralsandorra.eu\/?page_id=170"]}]},{"@type":"ImageObject","inLanguage":"fr-FR","@id":"http:\/\/reformesintegralsandorra.eu\/?page_id=170#primaryimage","url":"https:\/\/reformesintegralsandorra.eu\/wp-content\/uploads\/2018\/04\/reparacions3.jpg","contentUrl":"https:\/\/reformesintegralsandorra.eu\/wp-content\/uploads\/2018\/04\/reparacions3.jpg","width":1280,"height":853,"caption":"Realitzem tot tipus de reparacions, serveis, i manteniment per a la llar. A Paviser som professionals amb anys d'experi\u00e8ncia en el sector de la feines de paleta, la construcci\u00f3 i les reformes. Fem treballs a preus adequats. Fem tot tipus de treballs, Pintura, Electricista, Lampista, Paleta, Reparaci\u00f3 de persianes, Muntar mobles (de qualsevol superf\u00edcie comercial que els hagi comprat), decoraci\u00f3 i interiorisme en fusta i ferro."},{"@type":"BreadcrumbList","@id":"http:\/\/reformesintegralsandorra.eu\/?page_id=170#breadcrumb","itemListElement":[{"@type":"ListItem","position":1,"name":"Accueil","item":"http:\/\/reformesintegralsandorra.eu\/"},{"@type":"ListItem","position":2,"name":"REPARACIONS"}]},{"@type":"WebSite","@id":"http:\/\/reformesintegralsandorra.eu\/#website","url":"http:\/\/reformesintegralsandorra.eu\/","name":"REFORMES INTEGRALS ANDORRA Reformes integrals d&#039;habitatges. Serveis de disseny de mobiliari i d&#039;interiors. Fem reformes de banys, dissenys des dels cl\u00e0ssics fins a les \u00faltimes tend\u00e8ncies en banys. Serralleria, Pintura, Fusteria, Il\u00b7luminaci\u00f3, Banys, Cuines i Electrodom\u00e8stics. REFORMES INTEGRALS ANDORRA reformes Integrals, construccions i manteniments d&#039;habitatges, locals, cuines, banys, etc., Treballs de reformes integrals. Reformes de cuines, reformes de banys, reformes integrals, reformas de cocinas, reformas de ba\u00f1os, reformas integrales, muebles cocina, muebles cocina, mobiliari a mida. AMPLIA EXPERIENCIA EN REFORMAS INTEGRALES DE VIVIENDAS Si necesitas realizar la obra de reforma integral de tu vivienda en Andorra con la firmeza y confianza de convertirla en el hogar de tus sue\u00f1os y no en una horrible pesadilla, desde Arquitectos e Interioristas Causa Estudi Andorra te ofrecemos nuestra experiencia y profesionalidad a la hora de realizar reformas integrales de viviendas en Andorra. Invertimos nuestro tiempo y esfuerzo por mejorar d\u00eda a d\u00eda y ser capaces de satisfacer todas las necesidades de nuestros clientes en reformas, renovaciones y rehabilitaciones de viviendas. Un esfuerzo y un saber hacer al que hemos llegado despu\u00e9s de a\u00f1os de trabajo en reformas integrales de todo tipo de establecimientos, desde Restaurantes hasta tiendas de moda pasando por chalets, apartamentos y pisos en Andorra, siendo esta la parte m\u00e1s importante de nuestro trabajo, convirti\u00e9ndonos en una de las principales empresas de reformas del Principado de Andorra .","description":"Especialistes Serveis d&#039;interiorisme i decoraci\u00f3 a Andorra. Projectes residencials i comercials dirigits als dos segments: particular i empreses. Encuentra los mejores Profesionales y Empresas de Reformas en Andorra T.+376362978 - REFOR ANDORRA refor@andorra.ad . ","potentialAction":[{"@type":"SearchAction","target":{"@type":"EntryPoint","urlTemplate":"http:\/\/reformesintegralsandorra.eu\/?s={search_term_string}"},"query-input":"required name=search_term_string"}],"inLanguage":"fr-FR"}]}},"_links":{"self":[{"href":"https:\/\/reformesintegralsandorra.eu\/index.php?rest_route=\/wp\/v2\/pages\/170"}],"collection":[{"href":"https:\/\/reformesintegralsandorra.eu\/index.php?rest_route=\/wp\/v2\/pages"}],"about":[{"href":"https:\/\/reformesintegralsandorra.eu\/index.php?rest_route=\/wp\/v2\/types\/page"}],"author":[{"embeddable":true,"href":"https:\/\/reformesintegralsandorra.eu\/index.php?rest_route=\/wp\/v2\/users\/2"}],"replies":[{"embeddable":true,"href":"https:\/\/reformesintegralsandorra.eu\/index.php?rest_route=%2Fwp%2Fv2%2Fcomments&post=170"}],"version-history":[{"count":6,"href":"https:\/\/reformesintegralsandorra.eu\/index.php?rest_route=\/wp\/v2\/pages\/170\/revisions"}],"predecessor-version":[{"id":179,"href":"https:\/\/reformesintegralsandorra.eu\/index.php?rest_route=\/wp\/v2\/pages\/170\/revisions\/179"}],"wp:featuredmedia":[{"embeddable":true,"href":"https:\/\/reformesintegralsandorra.eu\/index.php?rest_route=\/wp\/v2\/media\/176"}],"wp:attachment":[{"href":"https:\/\/reformesintegralsandorra.eu\/index.php?rest_route=%2Fwp%2Fv2%2Fmedia&parent=170"}],"curies":[{"name":"wp","href":"https:\/\/api.w.org\/{rel}","templated":true}]}}